{"id":1369,"date":"2016-03-15T17:41:24","date_gmt":"2016-03-15T16:41:24","guid":{"rendered":"http:\/\/hana-bf.no\/?page_id=1369"},"modified":"2016-03-15T23:07:30","modified_gmt":"2016-03-15T22:07:30","slug":"fortoyningsregler-ved-utriggere","status":"publish","type":"page","link":"https:\/\/hana-bf.no\/?page_id=1369","title":{"rendered":"Fort\u00f8yningsregler ved utriggere"},"content":{"rendered":"<p style=\"text-align: right;\">Vedtatt: \u00a0\u00a011.05.99<br \/>\nRevidert: 14.04.15<\/p>\n<p>&nbsp;<\/p>\n<p>Reglene gjelder for alle b\u00e5ter som fort\u00f8yes ved utriggere i Hana B\u00e5tforening.<\/p>\n<p>&nbsp;<\/p>\n<p>Utriggerne representerer en betydelig \u00f8konomisk verdi for b\u00e5tforeningen. \u00a0De er produsert med h\u00f8y kvalitet med tanke p\u00e5 lang levetid.\u00a0 Det forutsettes likevel at den enkelte b\u00e5teier behandler utriggerne og utstyret for \u00f8vrig med n\u00f8dvendig aktsomhet.<\/p>\n<p><strong>\u00a0<\/strong><\/p>\n<h3>Fort\u00f8yningsregler:<\/h3>\n<p>&nbsp;<\/p>\n<ul>\n<li>B\u00e5ten skal fort\u00f8yes til utriggerne ved hjelp av tau med gummidempere.<\/li>\n<li>Fort\u00f8yningsmateriell av metall slik som kauser, sjakler, fj\u00e6rer, kroker, wire eller kjetting skal ikke benyttes.<\/li>\n<li>Tau og gummidempere m\u00e5 ha tilstrekkelig dimensjon i forhold til b\u00e5tens st\u00f8rrelse, tyngde og vindfang.<\/li>\n<li>Tauene spleises eller knyttes til fort\u00f8yningsb\u00f8ylene eller pullertene p\u00e5 utriggerne. \u00d8rsta Marine anbefaler \u00e5 lage en l\u00f8kke p\u00e5 tauet og tre det som en rennel\u00f8kke gjennom fort\u00f8yningsb\u00f8ylen.<\/li>\n<li>Benytt forholdsvis stram fort\u00f8yning akter. Fort\u00f8yning i baug gis slakk som tilpasses flo og fj\u00e6re. Husk \u00e5 sjekke baugfort\u00f8yningen ved springflo.<\/li>\n<li>Det skal benyttes minst to spring. Disse skal v\u00e6re forholdsvis stramme og skal forhindre bevegelse i lengderetningen. Se fort\u00f8yningsskisser p\u00e5 arkets bakside.<\/li>\n<li>Dersom wire eller kjetting benyttes for \u00e5 l\u00e5se b\u00e5ten til bryggeanlegget, skal disse v\u00e6re forsynt med gummi eller tilsvarende for ikke \u00e5 skade utriggernes rustbeskyttelse. De tres gjennom utriggernes fort\u00f8yningsb\u00f8yle eller pullert og l\u00e5ses med hengel\u00e5s til b\u00e5ten, ikke til utriggeren eller flytebryggen.<\/li>\n<li>For \u00e5 hindre sammenst\u00f8t mellom b\u00e5t og bryggekant\/monteringsskinne anbefales \u00e5 strekke en slakk tau mellom utriggerne, foran baugen. Husk gummidemper.<\/li>\n<li>B\u00e5ten skal ha passende fendere, minst to fendere p\u00e5 hver side.<\/li>\n<\/ul>\n<p>&nbsp;<\/p>\n<p>Den enkelte b\u00e5teier vil holdes ansvarlig for eventuelle skader som p\u00e5f\u00f8res utriggere, monteringsskinne og brygge\/flytebrygge. Alle b\u00e5teiere plikter \u00e5 rette seg etter p\u00e5legg gitt av foreningens oppsynsmenn eller driftskomite. Dersom det viser seg at enkelte b\u00e5ter ikke er egnet til \u00e5 ligge ved tildelt plass, vil driftskomiteen fors\u00f8ke \u00e5 tildele en annen hensiktsmessig plass i havnen(e).<\/p>\n<p>Oppsynsmenn foretar kontroll av fort\u00f8yningene og gir p\u00e5legg om endring av fort\u00f8yningen ved behov.<\/p>\n<p>&nbsp;<\/p>\n<h3>Fort\u00f8yningskrav<\/h3>\n<p>&nbsp;<\/p>\n<ul>\n<li>B\u00e5ten fort\u00f8yes med 2 fort\u00f8yninger i baug og 2 fort\u00f8yninger akter.<\/li>\n<li>Bruk minst to spring for \u00e5 hindre bevegelse i lengderetning.<\/li>\n<li>Benytt minst to fendre p\u00e5 hver side av b\u00e5ten.<\/li>\n<li>Bruk kvalitetstau med tilstrekkelig dimensjon.<\/li>\n<li>Fort\u00f8yning skal festes med anbefalte knuter\/spleis til fort\u00f8yningsb\u00f8ylene p\u00e5 utriggerne.<\/li>\n<li>Bruk strekkavlastere av gummi i god kvalitet p\u00e5 alle tau.<\/li>\n<li>Fort\u00f8yninger skal strammes tilstrekkelig for \u00e5 unng\u00e5 at b\u00e5ten jager i b\u00e5sen.<\/li>\n<li>Bruk av sjakler eller annet metallutstyr er ikke tillatt, da det vil for\u00e5rsake korrosjon og slitasje p\u00e5 utriggere og fort\u00f8yningsb\u00f8yler.<\/li>\n<li>Ved b\u00e5tplasser som b\u00e5teier vurderer som spesielt utsatt for vind m\u00e5 ekstra fort\u00f8yninger benyttes.<\/li>\n<\/ul>\n<p>&nbsp;<\/p>\n<p><a href=\"https:\/\/hana-bf.no\/wpsite\/wp-content\/uploads\/2016\/03\/Eksempel-p\u00e5-fort\u00f8yning-e1458061263216.jpg\"><img loading=\"lazy\" decoding=\"async\" class=\"alignnone size-full wp-image-1375\" src=\"https:\/\/hana-bf.no\/wpsite\/wp-content\/uploads\/2016\/03\/Eksempel-p\u00e5-fort\u00f8yning-e1458061263216.jpg\" alt=\"Eksempel p\u00e5 fort\u00f8yning\" width=\"600\" height=\"261\" \/><\/a><\/p>\n","protected":false},"excerpt":{"rendered":"<p>Vedtatt: \u00a0\u00a011.05.99 Revidert: 14.04.15 &nbsp; Reglene gjelder for alle b\u00e5ter som fort\u00f8yes ved utriggere i Hana B\u00e5tforening. &nbsp; Utriggerne representerer en betydelig \u00f8konomisk verdi for b\u00e5tforeningen. \u00a0De er produsert med h\u00f8y kvalitet med tanke p\u00e5 lang levetid.\u00a0 Det forutsettes likevel at den enkelte b\u00e5teier behandler utriggerne og utstyret for \u00f8vrig med n\u00f8dvendig aktsomhet. \u00a0 Fort\u00f8yningsregler: [&hellip;]<\/p>\n","protected":false},"author":1,"featured_media":0,"parent":0,"menu_order":0,"comment_status":"closed","ping_status":"closed","template":"","meta":{"footnotes":""},"class_list":["post-1369","page","type-page","status-publish","hentry"],"_links":{"self":[{"href":"https:\/\/hana-bf.no\/index.php?rest_route=\/wp\/v2\/pages\/1369"}],"collection":[{"href":"https:\/\/hana-bf.no\/index.php?rest_route=\/wp\/v2\/pages"}],"about":[{"href":"https:\/\/hana-bf.no\/index.php?rest_route=\/wp\/v2\/types\/page"}],"author":[{"embeddable":true,"href":"https:\/\/hana-bf.no\/index.php?rest_route=\/wp\/v2\/users\/1"}],"replies":[{"embeddable":true,"href":"https:\/\/hana-bf.no\/index.php?rest_route=%2Fwp%2Fv2%2Fcomments&post=1369"}],"version-history":[{"count":6,"href":"https:\/\/hana-bf.no\/index.php?rest_route=\/wp\/v2\/pages\/1369\/revisions"}],"predecessor-version":[{"id":1401,"href":"https:\/\/hana-bf.no\/index.php?rest_route=\/wp\/v2\/pages\/1369\/revisions\/1401"}],"wp:attachment":[{"href":"https:\/\/hana-bf.no\/index.php?rest_route=%2Fwp%2Fv2%2Fmedia&parent=1369"}],"curies":[{"name":"wp","href":"https:\/\/api.w.org\/{rel}","templated":true}]}}