{"id":1377,"date":"2016-03-15T18:03:50","date_gmt":"2016-03-15T17:03:50","guid":{"rendered":"http:\/\/hana-bf.no\/?page_id=1377"},"modified":"2024-03-18T22:27:30","modified_gmt":"2024-03-18T21:27:30","slug":"instruks-for-landstrom","status":"publish","type":"page","link":"https:\/\/hana-bf.no\/?page_id=1377","title":{"rendered":"Instruks for landstr\u00f8m"},"content":{"rendered":"<p style=\"text-align: right;\">Oppdatert 17.10.2023<\/p>\n<p><span data-contrast=\"none\">Hana b\u00e5tforening s\u00f8rger for en jordet str\u00f8mforsyning til din b\u00e5t. Disse retningslinjene gjelder for all tilkobling av landstr\u00f8m til b\u00e5ter i Hana b\u00e5tforening. B\u00e5tforeningen har ansvaret for en sikker <\/span><span aria-label=\"Innholdskontroll for rik tekst\"><span data-contrast=\"none\">\u200b<\/span><span data-contrast=\"none\">og forskriftsmessig <\/span><span data-contrast=\"none\">\u200b<\/span><\/span><span data-contrast=\"none\">str\u00f8mforsyning til frem til landkontakten. Du har selv ansvaret for at det elektriske utstyret og installasjonen er i orden i din b\u00e5t fra landkontakten og om bord. Ved \u00e5 f\u00f8lge disse retningslinjene medvirker du til en trygg og problemfri str\u00f8mforsyning b\u00e5de for deg selv og de andre i foreningens havner.<\/span><span data-ccp-props=\"{&quot;201341983&quot;:0,&quot;335559685&quot;:10,&quot;335559738&quot;:280,&quot;335559739&quot;:280,&quot;335559740&quot;:240,&quot;335559991&quot;:10}\">\u00a0<\/span><\/p>\n<p><b><span data-contrast=\"none\">Generelt:\u00a0\u00a0<\/span><\/b><span data-ccp-props=\"{&quot;201341983&quot;:0,&quot;335559685&quot;:-5,&quot;335559739&quot;:44,&quot;335559740&quot;:259,&quot;335559991&quot;:10}\">\u00a0<\/span><\/p>\n<ol>\n<li data-leveltext=\"%1.\" data-font=\"Calibri\" data-listid=\"1\" data-list-defn-props=\"{&quot;335551500&quot;:0,&quot;335552541&quot;:0,&quot;335559684&quot;:-1,&quot;335559685&quot;:693,&quot;469769226&quot;:&quot;Calibri&quot;,&quot;469769242&quot;:[65533,0],&quot;469777803&quot;:&quot;left&quot;,&quot;469777804&quot;:&quot;%1.&quot;,&quot;469777815&quot;:&quot;hybridMultilevel&quot;}\" aria-setsize=\"-1\" data-aria-posinset=\"1\" data-aria-level=\"1\"><span data-contrast=\"none\">Hvis du ikke har en skilletransformator om bord for \u00e5 skille det elektriske systemet om bord i ditt fart\u00f8y fra landsystemet, kan en elektrolytisk korrosjon \u00f8delegge fart\u00f8yet ditt eller fart\u00f8y i n\u00e6rheten.\u00a0<\/span><span data-ccp-props=\"{&quot;201341983&quot;:0,&quot;335559739&quot;:59,&quot;335559740&quot;:269,&quot;335559991&quot;:348}\">\u00a0<\/span><\/li>\n<li data-leveltext=\"%1.\" data-font=\"Calibri\" data-listid=\"1\" data-list-defn-props=\"{&quot;335551500&quot;:0,&quot;335552541&quot;:0,&quot;335559684&quot;:-1,&quot;335559685&quot;:693,&quot;469769226&quot;:&quot;Calibri&quot;,&quot;469769242&quot;:[65533,0],&quot;469777803&quot;:&quot;left&quot;,&quot;469777804&quot;:&quot;%1.&quot;,&quot;469777815&quot;:&quot;hybridMultilevel&quot;}\" aria-setsize=\"-1\" data-aria-posinset=\"1\" data-aria-level=\"1\"><span data-contrast=\"none\">Forsyningsspenningen p\u00e5 denne marinaen er 230V 50Hz IT-nett, forsynt over stikkontakter i samsvar med NEK EN 60309-2.\u00a0<\/span><span data-ccp-props=\"{&quot;201341983&quot;:0,&quot;335559739&quot;:59,&quot;335559740&quot;:269,&quot;335559991&quot;:348}\">\u00a0<\/span><\/li>\n<li data-leveltext=\"%1.\" data-font=\"Calibri\" data-listid=\"1\" data-list-defn-props=\"{&quot;335551500&quot;:0,&quot;335552541&quot;:0,&quot;335559684&quot;:-1,&quot;335559685&quot;:693,&quot;469769226&quot;:&quot;Calibri&quot;,&quot;469769242&quot;:[65533,0],&quot;469777803&quot;:&quot;left&quot;,&quot;469777804&quot;:&quot;%1.&quot;,&quot;469777815&quot;:&quot;hybridMultilevel&quot;}\" aria-setsize=\"-1\" data-aria-posinset=\"1\" data-aria-level=\"1\"><span data-contrast=\"none\">Det skal tas forh\u00e5ndsregler for \u00e5 hindre at den bevegelige tilknytningsledningen faller i vannet ved frakobling. Dersom tilknytningsledningen faller i vannet, m\u00e5 den kontrolleres av en fagmann da den kan v\u00e6re farlig \u00e5 benytte etterp\u00e5.\u00a0<\/span><span data-ccp-props=\"{&quot;201341983&quot;:0,&quot;335559739&quot;:59,&quot;335559740&quot;:269,&quot;335559991&quot;:348}\">\u00a0<\/span><\/li>\n<li data-leveltext=\"%1.\" data-font=\"Calibri\" data-listid=\"1\" data-list-defn-props=\"{&quot;335551500&quot;:0,&quot;335552541&quot;:0,&quot;335559684&quot;:-1,&quot;335559685&quot;:693,&quot;469769226&quot;:&quot;Calibri&quot;,&quot;469769242&quot;:[65533,0],&quot;469777803&quot;:&quot;left&quot;,&quot;469777804&quot;:&quot;%1.&quot;,&quot;469777815&quot;:&quot;hybridMultilevel&quot;}\" aria-setsize=\"-1\" data-aria-posinset=\"1\" data-aria-level=\"1\"><span data-contrast=\"none\">Bare en fleksibel tilknytningsledning skal tilkobles en stikkontakt. Kabeltype skal v\u00e6re av fleksibel type. I praksis betyr dette type H07RN-F eller tilsvarende.<\/span><\/li>\n<li data-leveltext=\"%1.\" data-font=\"Calibri\" data-listid=\"1\" data-list-defn-props=\"{&quot;335551500&quot;:0,&quot;335552541&quot;:0,&quot;335559684&quot;:-1,&quot;335559685&quot;:693,&quot;469769226&quot;:&quot;Calibri&quot;,&quot;469769242&quot;:[65533,0],&quot;469777803&quot;:&quot;left&quot;,&quot;469777804&quot;:&quot;%1.&quot;,&quot;469777815&quot;:&quot;hybridMultilevel&quot;}\" aria-setsize=\"-1\" data-aria-posinset=\"1\" data-aria-level=\"1\"><span data-contrast=\"none\">Bare ett fart\u00f8y kan tilkobles en stikkontakt.\u00a0<\/span><span data-ccp-props=\"{&quot;201341983&quot;:0,&quot;335559739&quot;:59,&quot;335559740&quot;:269,&quot;335559991&quot;:348}\">\u00a0<\/span><\/li>\n<li data-leveltext=\"%1.\" data-font=\"Calibri\" data-listid=\"1\" data-list-defn-props=\"{&quot;335551500&quot;:0,&quot;335552541&quot;:0,&quot;335559684&quot;:-1,&quot;335559685&quot;:693,&quot;469769226&quot;:&quot;Calibri&quot;,&quot;469769242&quot;:[65533,0],&quot;469777803&quot;:&quot;left&quot;,&quot;469777804&quot;:&quot;%1.&quot;,&quot;469777815&quot;:&quot;hybridMultilevel&quot;}\" aria-setsize=\"-1\" data-aria-posinset=\"1\" data-aria-level=\"1\"><span data-contrast=\"none\">Den fleksible tilknytningsledningen skal v\u00e6re i en lengde uten skj\u00f8ter\/skj\u00f8tesett mellom str\u00f8mpost p\u00e5 land og fart\u00f8y, og koblingskontaktene skal v\u00e6re i god stand. <\/span><span data-ccp-props=\"{&quot;201341983&quot;:0,&quot;335559739&quot;:59,&quot;335559740&quot;:269,&quot;335559991&quot;:348}\">\u00a0<\/span><\/li>\n<li data-leveltext=\"%1.\" data-font=\"Calibri\" data-listid=\"1\" data-list-defn-props=\"{&quot;335551500&quot;:0,&quot;335552541&quot;:0,&quot;335559684&quot;:-1,&quot;335559685&quot;:693,&quot;469769226&quot;:&quot;Calibri&quot;,&quot;469769242&quot;:[65533,0],&quot;469777803&quot;:&quot;left&quot;,&quot;469777804&quot;:&quot;%1.&quot;,&quot;469777815&quot;:&quot;hybridMultilevel&quot;}\" aria-setsize=\"-1\" data-aria-posinset=\"1\" data-aria-level=\"1\"><span data-contrast=\"none\">Fuktighet, st\u00f8v eller salt i inntaket p\u00e5 fart\u00f8yet kan utgj\u00f8re en fare. Unders\u00f8k inntaket, og gj\u00f8r det rent og t\u00f8rk det, hvis n\u00f8dvendig, f\u00f8r det tilkobles til havnens forsyningssystem.\u00a0<\/span><span data-ccp-props=\"{&quot;201341983&quot;:0,&quot;335559739&quot;:59,&quot;335559740&quot;:269,&quot;335559991&quot;:348}\">\u00a0<\/span><\/li>\n<li data-leveltext=\"%1.\" data-font=\"Calibri\" data-listid=\"1\" data-list-defn-props=\"{&quot;335551500&quot;:0,&quot;335552541&quot;:0,&quot;335559684&quot;:-1,&quot;335559685&quot;:693,&quot;469769226&quot;:&quot;Calibri&quot;,&quot;469769242&quot;:[65533,0],&quot;469777803&quot;:&quot;left&quot;,&quot;469777804&quot;:&quot;%1.&quot;,&quot;469777815&quot;:&quot;hybridMultilevel&quot;}\" aria-setsize=\"-1\" data-aria-posinset=\"1\" data-aria-level=\"1\"><span data-contrast=\"none\">Det er farlig for ikke-sakkyndige personer \u00e5 fors\u00f8ke og reparere eller endre p\u00e5 det elektriske utstyret. Ta kontakt med ansvarlig for havnen hvis det oppst\u00e5r vanskeligheter.\u00a0<\/span><span data-ccp-props=\"{&quot;201341983&quot;:0,&quot;335559739&quot;:59,&quot;335559740&quot;:269,&quot;335559991&quot;:348}\">\u00a0<\/span><\/li>\n<li data-leveltext=\"%1.\" data-font=\"Calibri\" data-listid=\"1\" data-list-defn-props=\"{&quot;335551500&quot;:0,&quot;335552541&quot;:0,&quot;335559684&quot;:-1,&quot;335559685&quot;:693,&quot;469769226&quot;:&quot;Calibri&quot;,&quot;469769242&quot;:[65533,0],&quot;469777803&quot;:&quot;left&quot;,&quot;469777804&quot;:&quot;%1.&quot;,&quot;469777815&quot;:&quot;hybridMultilevel&quot;}\" aria-setsize=\"-1\" data-aria-posinset=\"1\" data-aria-level=\"1\"><span data-contrast=\"none\">Hver stikkontakt er beskyttet av eget str\u00f8mstyrt jordfeilvern med en utl\u00f8sestr\u00f8m p\u00e5 30mA og overstr\u00f8msvern p\u00e5 16A, dette gir en tilgjengelig effekt og maks belastning p\u00e5 ca.3,5kW p\u00e5 ett uttak.\u00a0<\/span><span data-ccp-props=\"{&quot;201341983&quot;:0,&quot;335559739&quot;:59,&quot;335559740&quot;:269,&quot;335559991&quot;:348}\">\u00a0<\/span><\/li>\n<li data-leveltext=\"%1.\" data-font=\"Calibri\" data-listid=\"1\" data-list-defn-props=\"{&quot;335551500&quot;:0,&quot;335552541&quot;:0,&quot;335559684&quot;:-1,&quot;335559685&quot;:693,&quot;469769226&quot;:&quot;Calibri&quot;,&quot;469769242&quot;:[65533,0],&quot;469777803&quot;:&quot;left&quot;,&quot;469777804&quot;:&quot;%1.&quot;,&quot;469777815&quot;:&quot;hybridMultilevel&quot;}\" aria-setsize=\"-1\" data-aria-posinset=\"1\" data-aria-level=\"1\"><span data-contrast=\"none\">Anlegget er beskyttet av overspenningsvern som er plassert i hovedfordeling.\u00a0<\/span><span data-ccp-props=\"{&quot;201341983&quot;:0,&quot;335559739&quot;:59,&quot;335559740&quot;:269,&quot;335559991&quot;:348}\">\u00a0<\/span><\/li>\n<li data-leveltext=\"%1.\" data-font=\"Calibri\" data-listid=\"1\" data-list-defn-props=\"{&quot;335551500&quot;:0,&quot;335552541&quot;:0,&quot;335559684&quot;:-1,&quot;335559685&quot;:693,&quot;469769226&quot;:&quot;Calibri&quot;,&quot;469769242&quot;:[65533,0],&quot;469777803&quot;:&quot;left&quot;,&quot;469777804&quot;:&quot;%1.&quot;,&quot;469777815&quot;:&quot;hybridMultilevel&quot;}\" aria-setsize=\"-1\" data-aria-posinset=\"1\" data-aria-level=\"1\"><span data-contrast=\"none\">Kabeltverrsnitt p\u00e5 tilknytningsledning skal v\u00e6re minimum 2,5mm2 og maks lengde p\u00e5 tilknytningsledning er 20m.\u00a0<\/span><\/li>\n<li data-leveltext=\"%1.\" data-font=\"Calibri\" data-listid=\"1\" data-list-defn-props=\"{&quot;335551500&quot;:0,&quot;335552541&quot;:0,&quot;335559684&quot;:-1,&quot;335559685&quot;:693,&quot;469769226&quot;:&quot;Calibri&quot;,&quot;469769242&quot;:[65533,0],&quot;469777803&quot;:&quot;left&quot;,&quot;469777804&quot;:&quot;%1.&quot;,&quot;469777815&quot;:&quot;hybridMultilevel&quot;}\" aria-setsize=\"-1\" data-aria-posinset=\"1\" data-aria-level=\"1\"><span data-contrast=\"none\">Anlegget er dimensjonert for en total belastning p\u00e5 12kW, dvs at det er ikke dimensjonert for full belastning p\u00e5 samtlige uttak samtidig eller lading av el.b\u00e5ter.\u00a0<\/span><span data-ccp-props=\"{&quot;201341983&quot;:0,&quot;335559739&quot;:25,&quot;335559740&quot;:269,&quot;335559991&quot;:348}\">\u00a0<\/span><\/li>\n<\/ol>\n<p><span data-ccp-props=\"{&quot;201341983&quot;:0,&quot;335559685&quot;:0,&quot;335559731&quot;:0,&quot;335559739&quot;:40,&quot;335559740&quot;:259,&quot;335559991&quot;:10}\">Utstyr og tilkoblinger som ikke samsvarer med instruksen kan bli inndratt av foreningen uten forvarsel. Ved inndragelse vil det sendes melding til medlemmet.<\/span><\/p>\n<p><b><span data-contrast=\"none\">Ved ankomst\/tilkobling:\u00a0<\/span><\/b><span data-ccp-props=\"{&quot;201341983&quot;:0,&quot;335559685&quot;:-5,&quot;335559739&quot;:75,&quot;335559740&quot;:259,&quot;335559991&quot;:10}\">\u00a0<\/span><\/p>\n<ol>\n<li data-leveltext=\"%1.\" data-font=\"Calibri\" data-listid=\"2\" data-list-defn-props=\"{&quot;335551500&quot;:0,&quot;335552541&quot;:0,&quot;335559684&quot;:-1,&quot;335559685&quot;:693,&quot;469769226&quot;:&quot;Calibri&quot;,&quot;469769242&quot;:[65533,0],&quot;469777803&quot;:&quot;left&quot;,&quot;469777804&quot;:&quot;%1.&quot;,&quot;469777815&quot;:&quot;hybridMultilevel&quot;}\" aria-setsize=\"-1\" data-aria-posinset=\"1\" data-aria-level=\"1\"><span data-contrast=\"none\">Koble fra alt forbrukerutstyr om bord.<\/span><\/li>\n<li data-leveltext=\"%1.\" data-font=\"Calibri\" data-listid=\"2\" data-list-defn-props=\"{&quot;335551500&quot;:0,&quot;335552541&quot;:0,&quot;335559684&quot;:-1,&quot;335559685&quot;:693,&quot;469769226&quot;:&quot;Calibri&quot;,&quot;469769242&quot;:[65533,0],&quot;469777803&quot;:&quot;left&quot;,&quot;469777804&quot;:&quot;%1.&quot;,&quot;469777815&quot;:&quot;hybridMultilevel&quot;}\" aria-setsize=\"-1\" data-aria-posinset=\"1\" data-aria-level=\"1\"><span data-contrast=\"none\">Unders\u00f8k koblingsledningen og skj\u00f8tekontaktene for \u00e5 forsikre deg om at de er uskadd og i god stand.\u00a0<\/span><\/li>\n<li data-leveltext=\"%1.\" data-font=\"Calibri\" data-listid=\"2\" data-list-defn-props=\"{&quot;335551500&quot;:0,&quot;335552541&quot;:0,&quot;335559684&quot;:-1,&quot;335559685&quot;:693,&quot;469769226&quot;:&quot;Calibri&quot;,&quot;469769242&quot;:[65533,0],&quot;469777803&quot;:&quot;left&quot;,&quot;469777804&quot;:&quot;%1.&quot;,&quot;469777815&quot;:&quot;hybridMultilevel&quot;}\" aria-setsize=\"-1\" data-aria-posinset=\"1\" data-aria-level=\"1\"><span data-contrast=\"none\">Tilknytt den fleksible ledningen f\u00f8rst til inntaket ombord og deretter til stikkontakten p\u00e5 land.\u00a0<\/span><\/li>\n<li data-leveltext=\"%1.\" data-font=\"Calibri\" data-listid=\"2\" data-list-defn-props=\"{&quot;335551500&quot;:0,&quot;335552541&quot;:0,&quot;335559684&quot;:-1,&quot;335559685&quot;:693,&quot;469769226&quot;:&quot;Calibri&quot;,&quot;469769242&quot;:[65533,0],&quot;469777803&quot;:&quot;left&quot;,&quot;469777804&quot;:&quot;%1.&quot;,&quot;469777815&quot;:&quot;hybridMultilevel&quot;}\" aria-setsize=\"-1\" data-aria-posinset=\"1\" data-aria-level=\"1\"><span data-contrast=\"none\">Forsikre deg om at tilknytningskabelen er plassert slik at den ikke vil bli \u00f8delagt og ikke vil medf\u00f8re fare for andre personer.\u00a0<\/span><span data-ccp-props=\"{&quot;201341983&quot;:0,&quot;335559739&quot;:25,&quot;335559740&quot;:269,&quot;335559991&quot;:348}\">\u00a0<\/span><\/li>\n<\/ol>\n<p><b><span data-contrast=\"none\">Ved avreise\/frakobling:\u00a0<\/span><\/b><span data-ccp-props=\"{&quot;201341983&quot;:0,&quot;335559685&quot;:-5,&quot;335559739&quot;:75,&quot;335559740&quot;:259,&quot;335559991&quot;:10}\">\u00a0<\/span><\/p>\n<ol>\n<li data-leveltext=\"%1.\" data-font=\"Calibri\" data-listid=\"3\" data-list-defn-props=\"{&quot;335551500&quot;:0,&quot;335552541&quot;:0,&quot;335559684&quot;:-1,&quot;335559685&quot;:693,&quot;469769226&quot;:&quot;Calibri&quot;,&quot;469769242&quot;:[65533,0],&quot;469777803&quot;:&quot;left&quot;,&quot;469777804&quot;:&quot;%1.&quot;,&quot;469777815&quot;:&quot;hybridMultilevel&quot;}\" aria-setsize=\"-1\" data-aria-posinset=\"1\" data-aria-level=\"1\"><span data-contrast=\"none\">Koble fra alt forbrukerutstyr ombord.\u00a0<\/span><span data-ccp-props=\"{&quot;201341983&quot;:0,&quot;335559739&quot;:59,&quot;335559740&quot;:269,&quot;335559991&quot;:348}\">\u00a0<\/span><\/li>\n<li data-leveltext=\"%1.\" data-font=\"Calibri\" data-listid=\"3\" data-list-defn-props=\"{&quot;335551500&quot;:0,&quot;335552541&quot;:0,&quot;335559684&quot;:-1,&quot;335559685&quot;:693,&quot;469769226&quot;:&quot;Calibri&quot;,&quot;469769242&quot;:[65533,0],&quot;469777803&quot;:&quot;left&quot;,&quot;469777804&quot;:&quot;%1.&quot;,&quot;469777815&quot;:&quot;hybridMultilevel&quot;}\" aria-setsize=\"-1\" data-aria-posinset=\"1\" data-aria-level=\"1\"><span data-contrast=\"none\">Trekk ut pluggen av stikkontakten p\u00e5 land f\u00f8rst og deretter skj\u00f8tekontakten fra inntaket ombord.\u00a0<\/span><span data-ccp-props=\"{&quot;201341983&quot;:0,&quot;335559739&quot;:59,&quot;335559740&quot;:269,&quot;335559991&quot;:348}\">\u00a0<\/span><\/li>\n<li data-leveltext=\"%1.\" data-font=\"Calibri\" data-listid=\"3\" data-list-defn-props=\"{&quot;335551500&quot;:0,&quot;335552541&quot;:0,&quot;335559684&quot;:-1,&quot;335559685&quot;:693,&quot;469769226&quot;:&quot;Calibri&quot;,&quot;469769242&quot;:[65533,0],&quot;469777803&quot;:&quot;left&quot;,&quot;469777804&quot;:&quot;%1.&quot;,&quot;469777815&quot;:&quot;hybridMultilevel&quot;}\" aria-setsize=\"-1\" data-aria-posinset=\"1\" data-aria-level=\"1\"><span data-contrast=\"none\">Sett p\u00e5 lokket p\u00e5 inntaket ombord for \u00e5 forhindre inntrengning av vann.\u00a0<\/span><span data-ccp-props=\"{&quot;201341983&quot;:0,&quot;335559739&quot;:143,&quot;335559740&quot;:269,&quot;335559991&quot;:348}\">\u00a0<\/span><\/li>\n<li data-leveltext=\"%1.\" data-font=\"Calibri\" data-listid=\"3\" data-list-defn-props=\"{&quot;335551500&quot;:0,&quot;335552541&quot;:0,&quot;335559684&quot;:-1,&quot;335559685&quot;:693,&quot;469769226&quot;:&quot;Calibri&quot;,&quot;469769242&quot;:[65533,0],&quot;469777803&quot;:&quot;left&quot;,&quot;469777804&quot;:&quot;%1.&quot;,&quot;469777815&quot;:&quot;hybridMultilevel&quot;}\" aria-setsize=\"-1\" data-aria-posinset=\"1\" data-aria-level=\"1\"><span data-contrast=\"none\">Kveil opp tilkoblingsledningen og forviss deg om at plugg og koblingskontaktene er rene og t\u00f8rre, og plasser tilkoblingsledningen p\u00e5 et t\u00f8rt sted hvor den ikke kan bli \u00f8delagt.\u00a0<\/span><span data-contrast=\"none\">\u00a0<\/span><span data-ccp-props=\"{&quot;201341983&quot;:0,&quot;335559739&quot;:59,&quot;335559740&quot;:269,&quot;335559991&quot;:348}\">\u00a0<\/span><\/li>\n<\/ol>\n<table>\n<tbody>\n<tr>\n<td>Kilde:<br \/>\nNorsk elektroteknisk norm for lavspentinstallasjoner, NEK 400:2022, tillegg\u00a0 709b, har regler for marinaer som forsyner lystfart\u00f8y med str\u00f8m. Disse er omfattende og stiller krav til &laquo;leverand\u00f8ren&raquo; samt til &raquo; mottakerens&raquo; anlegg. Marinaen skal informere og synliggj\u00f8re hva og hvordan \u201cmottakerens\u201d anlegg skal v\u00e6re i form av en instruks.<\/td>\n<\/tr>\n<\/tbody>\n<\/table>\n<p><\/p>\n","protected":false},"excerpt":{"rendered":"<p>Oppdatert 17.10.2023 Hana b\u00e5tforening s\u00f8rger for en jordet str\u00f8mforsyning til din b\u00e5t. Disse retningslinjene gjelder for all tilkobling av landstr\u00f8m til b\u00e5ter i Hana b\u00e5tforening. B\u00e5tforeningen har ansvaret for en sikker \u200bog forskriftsmessig \u200bstr\u00f8mforsyning til frem til landkontakten. Du har selv ansvaret for at det elektriske utstyret og installasjonen er i orden i din b\u00e5t [&hellip;]<\/p>\n","protected":false},"author":1,"featured_media":0,"parent":0,"menu_order":0,"comment_status":"closed","ping_status":"closed","template":"","meta":{"footnotes":""},"class_list":["post-1377","page","type-page","status-publish","hentry"],"_links":{"self":[{"href":"https:\/\/hana-bf.no\/index.php?rest_route=\/wp\/v2\/pages\/1377"}],"collection":[{"href":"https:\/\/hana-bf.no\/index.php?rest_route=\/wp\/v2\/pages"}],"about":[{"href":"https:\/\/hana-bf.no\/index.php?rest_route=\/wp\/v2\/types\/page"}],"author":[{"embeddable":true,"href":"https:\/\/hana-bf.no\/index.php?rest_route=\/wp\/v2\/users\/1"}],"replies":[{"embeddable":true,"href":"https:\/\/hana-bf.no\/index.php?rest_route=%2Fwp%2Fv2%2Fcomments&post=1377"}],"version-history":[{"count":8,"href":"https:\/\/hana-bf.no\/index.php?rest_route=\/wp\/v2\/pages\/1377\/revisions"}],"predecessor-version":[{"id":2175,"href":"https:\/\/hana-bf.no\/index.php?rest_route=\/wp\/v2\/pages\/1377\/revisions\/2175"}],"wp:attachment":[{"href":"https:\/\/hana-bf.no\/index.php?rest_route=%2Fwp%2Fv2%2Fmedia&parent=1377"}],"curies":[{"name":"wp","href":"https:\/\/api.w.org\/{rel}","templated":true}]}}