{"id":1747,"date":"2018-06-15T14:57:32","date_gmt":"2018-06-15T13:57:32","guid":{"rendered":"http:\/\/hana-bf.no\/?page_id=1747"},"modified":"2018-09-08T06:45:52","modified_gmt":"2018-09-08T05:45:52","slug":"personvern","status":"publish","type":"page","link":"https:\/\/hana-bf.no\/?page_id=1747","title":{"rendered":"V\u00e5r personvernpolicy"},"content":{"rendered":"<p>&nbsp;<\/p>\n<p><strong>PERSONVERNERKL\u00c6RING HANA B\u00c5TFORENING<\/strong><\/p>\n<p><strong>1. Form\u00e5l<br \/>\n<\/strong>Hana B\u00e5tforening etterstreber til enhver tid \u00e5 opprettholde et h\u00f8yt niv\u00e5 av sikkert for v\u00e5re medlemmer, samarbeidspartnere og medarbeidere. Dette gjelder ogs\u00e5 i h\u00f8yeste grad personopplysninger. Nedenfor vil vi gi deg en innsikt i hvordan vi h\u00e5ndterer dine personalopplysninger:<\/p>\n<p><strong>2.<\/strong> <strong>Hana B\u00e5tforenings oppbevaring av personopplysninger<br \/>\n<\/strong>Hana B\u00e5tforening har bruk for enkelte personopplysninger for \u00e5 kunne gi deg m\u00e5lrettet informasjon som du \u00f8nsker fra oss samt \u00e5 h\u00e5ndtere dine varekj\u00f8p\/bud og andre tjenester som vi tilbyr. Du skal v\u00e6re trygg p\u00e5 at Hana B\u00e5tforening kun samler inn de personopplysninger som er n\u00f8dvendig for \u00e5 levere de varer og tjenester du \u00f8nsker av oss.<\/p>\n<p>Hana B\u00e5tforening registrerer og oppbevarer dine persondata som navn, adresse, e-post, telefonnummer m.m. for \u00e5 levere deg de tjenester du \u00f8nsker. Alle personopplysninger som vi samler inn blir lagret p\u00e5 servere hos Havneweb som er en leverand\u00f8r som setter sikkerhet i h\u00f8ysetet. Hana B\u00e5tforening har inng\u00e5tt databehandlingsavtale med Havneweb for \u00e5 ivareta medlemmenes personvernsikkerhet.<br \/>\nHana B\u00e5tforening oppbevarer ogs\u00e5 din medlemsinfo, informasjon om b\u00e5t, fakturaer, kreditnotaer m.m. for \u00e5 kunne gi deg n\u00f8dvendig service.<\/p>\n<p>Du kan enkelt oppdatere dine opplysninger selv ved \u00e5 oppdatere dine opplysninger i Havneweb.<br \/>\nHar du glemt passord\/brukernavn send melding til <a href=\"mailto:postmottak@hana-bf.no\">postmottak@hana-bf.no<\/a><\/p>\n<p><strong>3. Hana B\u00e5tforenings bruk av dine personopplysninger <\/strong><br \/>\nHana B\u00e5tforening bruker dine personopplysninger til f\u00f8lgende:<\/p>\n<ul>\n<li>Ivareta dine interesser som medlem av foreningen<\/li>\n<li>Kommunikasjon og innkalling til m\u00f8ter mv.<\/li>\n<li>Regnskap og kontingent<\/li>\n<li>Analyser og statistikk som bidrar til at vi kan gi v\u00e5re kunder en bedre opplevelse<\/li>\n<li>Tvistesaker<\/li>\n<\/ul>\n<p>Hana B\u00e5tforening deler kun dine personopplysninger til offentlige myndigheter hvis dette kreves ved lov. Deler vi dine opplysninger med en tredjepart, s\u00e5 er dette opplysninger som du selv har registrert p\u00e5 v\u00e5r hjemmeside.<br \/>\nSom medlem i Hana B\u00e5tforening s\u00e5 aksepterer du at vi behandler dine personopplysninger ihht. denne persondatapolitikken.<\/p>\n<p><strong>4. Hana B\u00e5tforenings prosedyrer for retting og sletting av personopplysninger<br \/>\n<\/strong>Hos Hana B\u00e5tforening har du alltid krav p\u00e5 \u00e5 f\u00e5 tilgang\/innsyn i de data som vi til enhver tid har registrert p\u00e5 deg. Du kan n\u00e5r som helst kreve \u00e5 f\u00e5 endret disse iht. reglene i Personloven.<\/p>\n<p>Vi oppbevarer dine henvendelser via e-post s\u00e5 lenge du er medlem hos oss. Hvis du ikke er medlem, s\u00e5 blir mailhenvendelser oppbevart s\u00e5 lenge det er relevant for saken det gjelder. Iflg. Norsk Bokf\u00f8ringslov, s\u00e5 er vi p\u00e5lagt \u00e5 lagre regnskapsmessige opplysninger om deg i 5 \u00e5r.<br \/>\nMottar du nyhetsbrev via e-post, s\u00e5 oppbevarer vi dine mailer frem til du avmelder deg disse. Du kan melde deg av denne tjenesten n\u00e5r du m\u00e5tte \u00f8nske ved \u00e5 ta kontakt med oss.<br \/>\nHana B\u00e5tforening benytter antivirus-programmer og brannmur for \u00e5 sikre oss mot virus og andre dataangrep.<\/p>\n<p><strong>5. Hana B\u00e5tforenings medarbeideres behandling av personopplysninger<\/strong><br \/>\nV\u00e5re styremedlemmer og oppsynsmenn og andre som jobber med service mot v\u00e5re medlemmer har adgang til de registrerte persondataene. For \u00e5 f\u00e5 tilgang til disse dataene m\u00e5 v\u00e5re medarbeidere logge inn p\u00e5 v\u00e5rt system med sitt brukernavn og sitt unike passord. Passord skiftes regelmessig og n\u00e5r en medarbeider slutter blir denne brukeren deaktivert i alle v\u00e5re systemer. De m\u00e5 ogs\u00e5 signere p\u00e5 en erkl\u00e6ring hvor de forplikter seg til ikke \u00e5 misbruke personinformasjon de har tilgang til i Hana B\u00e5tforening.<br \/>\nHana B\u00e5tforening sine medarbeidere setter sikkerhet h\u00f8yt. Alle medarbeidere har f\u00e5tt informasjon om reglene for oppbevaring og sletting av persondata. De er ogs\u00e5 gjort kjent med hvordan en m\u00e5 behandle persondata og at de er underlagt taushetsplikt.<\/p>\n<p><strong>6. Mer informasjon<\/strong><br \/>\nTa gjerne kontakt med oss hvis det er noe du lurer p\u00e5 i denne forbindelse.<\/p>\n<p>&nbsp;<\/p>\n<p>Sandnes i juni 2018<\/p>\n<p>Styret for Hana B\u00e5tforening<\/p>\n<p>&nbsp;<\/p>\n<p>&nbsp;<\/p>\n<table width=\"550\">\n<tbody>\n<tr>\n<td>\n<p><a href=\"https:\/\/hana-bf.no\/?wpfb_dl=196\" target=\"_blank\"><img loading=\"lazy\" decoding=\"async\" class=\"bottom\" src=\"https:\/\/hana-bf.no\/wpsite\/wp-content\/uploads\/2015\/02\/PDF-150x150.png\" alt=\"PDF\" width=\"32\" height=\"32\" \/>\u00a0 Tilgang til- og bruk av Hana B\u00e5tforenings registre<\/a><\/p>\n<p><a href=\"https:\/\/hana-bf.no\/?wpfb_dl=195\" target=\"_blank\"><img loading=\"lazy\" decoding=\"async\" class=\"bottom\" src=\"https:\/\/hana-bf.no\/wpsite\/wp-content\/uploads\/2015\/02\/PDF-150x150.png\" alt=\"PDF\" width=\"32\" height=\"32\" \/>\u00a0 Krav om innsyn\/reservasjon\/sletting<\/a><\/td>\n<\/tr>\n<\/tbody>\n<\/table>\n<p>&nbsp;<\/p>\n","protected":false},"excerpt":{"rendered":"<p>&nbsp; PERSONVERNERKL\u00c6RING HANA B\u00c5TFORENING 1. Form\u00e5l Hana B\u00e5tforening etterstreber til enhver tid \u00e5 opprettholde et h\u00f8yt niv\u00e5 av sikkert for v\u00e5re medlemmer, samarbeidspartnere og medarbeidere. Dette gjelder ogs\u00e5 i h\u00f8yeste grad personopplysninger. Nedenfor vil vi gi deg en innsikt i hvordan vi h\u00e5ndterer dine personalopplysninger: 2. Hana B\u00e5tforenings oppbevaring av personopplysninger Hana B\u00e5tforening har bruk [&hellip;]<\/p>\n","protected":false},"author":1,"featured_media":0,"parent":0,"menu_order":0,"comment_status":"closed","ping_status":"closed","template":"","meta":{"footnotes":""},"class_list":["post-1747","page","type-page","status-publish","hentry"],"_links":{"self":[{"href":"https:\/\/hana-bf.no\/index.php?rest_route=\/wp\/v2\/pages\/1747"}],"collection":[{"href":"https:\/\/hana-bf.no\/index.php?rest_route=\/wp\/v2\/pages"}],"about":[{"href":"https:\/\/hana-bf.no\/index.php?rest_route=\/wp\/v2\/types\/page"}],"author":[{"embeddable":true,"href":"https:\/\/hana-bf.no\/index.php?rest_route=\/wp\/v2\/users\/1"}],"replies":[{"embeddable":true,"href":"https:\/\/hana-bf.no\/index.php?rest_route=%2Fwp%2Fv2%2Fcomments&post=1747"}],"version-history":[{"count":18,"href":"https:\/\/hana-bf.no\/index.php?rest_route=\/wp\/v2\/pages\/1747\/revisions"}],"predecessor-version":[{"id":1824,"href":"https:\/\/hana-bf.no\/index.php?rest_route=\/wp\/v2\/pages\/1747\/revisions\/1824"}],"wp:attachment":[{"href":"https:\/\/hana-bf.no\/index.php?rest_route=%2Fwp%2Fv2%2Fmedia&parent=1747"}],"curies":[{"name":"wp","href":"https:\/\/api.w.org\/{rel}","templated":true}]}}