{"id":222,"date":"2015-02-07T23:13:06","date_gmt":"2015-02-07T22:13:06","guid":{"rendered":"http:\/\/hana-bf.no\/wpsite\/?page_id=222"},"modified":"2022-02-25T21:28:31","modified_gmt":"2022-02-25T20:28:31","slug":"lover-for-hana-batforening","status":"publish","type":"page","link":"https:\/\/hana-bf.no\/?page_id=222","title":{"rendered":"Vedtekter for Hana B\u00e5tforening"},"content":{"rendered":"<p style=\"text-align: right;\">Sist endret p\u00e5 \u00e5rsm\u00f8te 22. februar 2022<br \/>\nSist endret er vist med <strong>uthevet skrift<\/strong>.<\/p>\n<p><strong>\u00a7 1<\/strong><br \/>\nForeningens form\u00e5l er \u00e5 arbeide for utbredelse av fritidsb\u00e5tliv i Sandnes og omegn p\u00e5 vegne av medlemmene og allmennheten, derunder og<br \/>\n1) virke for etableringen av og forest\u00e5 driften av fritidsb\u00e5thavner;<br \/>\n2) virke for utbredelse av fritidsb\u00e5tlivet som rekreasjon og kystkultur,<br \/>\n3) virke for utbredelse av kunnskap om sj\u00f8vett, sikkerhet, kystkultur og maritimt milj\u00f8vern;<br \/>\n4) ivareta medlemmenes og allmennhetens interesser og rettigheter til bruk av skj\u00e6rg\u00e5rden, sj\u00f8en og havet som rekreasjonsomr\u00e5de og til annen fritidsbasert utnyttelse;<br \/>\n5) samarbeide med s\u00e5 vel andre private organisasjoner som med offentlige myndigheter til \u00e5 fremme b\u00e5tlivets og b\u00e5t- folkets interesser.<br \/>\nHana B\u00e5tforening er en ideell, ikke-\u00f8konomisk frivillig organisasjon og eventuelle overskudd p\u00e5 \u00f8konomiske aktiviteter kan i den utstrekning det ikke avsettes til fremtidig oppfyllelse av foreningens form\u00e5l kun disponeres utenfor foreningen til tilsvarende form\u00e5l.<\/p>\n<p><strong>\u00a7 2<\/strong><br \/>\nForeningens styre best\u00e5r av 5 medlemmer med stemmerett (leder, kasserer, sekret\u00e6r og to styremedlemmer), som velges av \u00e5rsm\u00f8tet. Leder velges ved s\u00e6rskilt valg hvert \u00e5r. De andre velges for 2 \u00e5r, et styremedlem og kasserer den ene \u00e5ret, og sekret\u00e6r og andre styremedlem det andre \u00e5ret. \u00c5rsm\u00f8tet velger i tillegg 2 oppsynsmenn og 2 varamenn som m\u00f8ter i styrem\u00f8ter, men som ikke har stemmerett. Varamenn velges hvert \u00e5r, mens oppsynsmenn velges for 2 \u00e5r med en p\u00e5 valg hvert \u00e5r.<br \/>\n\u00c5rsm\u00f8tet velger revisor for 2 \u00e5r av gangen. Sosialkomite, 3 medlemmer, velges \u00e5rlig. Valgkomite, 3 medlemmer, velges \u00e5rlig. Styret innstiller til valgkomit\u00e9.<strong>\u00a0Styrets leder og minimum 50 % av styrets \u00f8vrige medlemmer skal ha b\u00e5tplass p\u00e5 tidspunktet for \u00e5rsm\u00f8tet.<\/strong><\/p>\n<p><strong>\u00a7 3<\/strong><br \/>\nStyret bes\u00f8rger den l\u00f8pende drift og ivaretar foreningens interesser. Det skal f\u00f8res protokoll fra styrets m\u00f8ter. Leder er kontaktperson mellom b\u00e5tforeningene i Sandnes.<br \/>\nFor \u00e5 lette den daglige driften samt for \u00e5 ivareta foreningens interesser, kan styret vedta et havnereglement samt n\u00f8dvendige praktiske regler, instrukser og retningslinjer m.m. Styret oppretter en driftskomite som forest\u00e5r den daglige driften av foreningen p\u00e5 vegne av styret, og rapporterer og gir tilbakemelding til styret i styrem\u00f8tene. Komiteen har blant annet ansvar for tildeling av b\u00e5tplasser og arbeid som har tilknytning til dette, samt andre oppgaver som styret fastsetter.<br \/>\nVedtatte praktiske regler, instrukser og retningslinjer skal innf\u00f8res i styreprotokollen og v\u00e6re p\u00e5f\u00f8rt dato for vedtak og kommuniseres til medlemmene. Havnereglementet og de n\u00f8dvendige praktiske regler, instrukser og retningslinjer som styret fastsetter skal ikke v\u00e6re i strid med \u201dVedtekter for Hana B\u00e5tforening\u201d, og er \u00e5 anse for styrende dokumenter som rangerer under vedtektene og er \u00e5 regne som bindende for foreningens medlemmer.<\/p>\n<p><strong>\u00a7 4<\/strong><br \/>\nOrdin\u00e6rt \u00e5rsm\u00f8te holdes hvert \u00e5r innen utgangen av februar m\u00e5ned. Det innkalles av styret med 14 dagers varsel. Forslag til \u00e5rsm\u00f8tet skal v\u00e6re styret i hende minst 7 dager f\u00f8r ordin\u00e6rt \u00e5rsm\u00f8te holdes.<\/p>\n<p><strong>\u00a7 5<\/strong><br \/>\nEkstraordin\u00e6rt \u00e5rsm\u00f8te skal innkalles med minst 8 dagers varsel n\u00e5r styret mener det er n\u00f8dvendig, eller n\u00e5r minst 20 medlemmer forlanger det.<\/p>\n<p><strong>\u00a7 6<\/strong><br \/>\nP\u00e5 ordin\u00e6rt \u00e5rsm\u00f8te behandles f\u00f8lgende:<br \/>\n1. Gjennomgang av referat fra forrige ordin\u00e6re \u00e5rsm\u00f8te<br \/>\n2. \u00c5rsberetning<br \/>\n3. Regnskap med revisjonsberetning for \u00e5ret og budsjett for kommende \u00e5r<br \/>\n4. Innkomne forslag.<br \/>\n5. Valg av styreleder, styremedlemmer og \u00f8vrige verv som<br \/>\nbeskrevet i \u00a7 2.<br \/>\nP\u00e5 ordin\u00e6rt \u00e5rsm\u00f8te fastsettes ogs\u00e5 medlemskontingenter, havneavgifter, engangstilskudd, prisliste og godtgj\u00f8relse til tillitsvalgte. Det skal skrives protokoll fra \u00e5rsm\u00f8tet, og protokoll godkjennes og signeres av to medlemmer som velges p\u00e5 m\u00f8tet. Det er bare medlemmer i foreningen som har stemmerett p\u00e5 \u00e5rsm\u00f8tet.<\/p>\n<p><strong>\u00a7 7<\/strong><br \/>\nAlle medlemmer skal betale medlems- kontingent. Oversikt over gjeldende avgifter for tjenester settes inn i prislisten. Satsene for kontingent og avgifter gjelder for ett kalender\u00e5r, og blir ikke redusert for deler av kalender\u00e5ret. Krav om disse blir sendt ut og forfaller til betaling 1 m\u00e5ned etter dato for utsendelse. Ved betaling etter purring p\u00e5l\u00f8per purregebyr i henhold til satser.<\/p>\n<p><strong>\u00a7 8<\/strong><br \/>\nMedlemmer som unnlater \u00e5 betale, etter f\u00f8rste gangs purring med frist 14 dager, forfalt kontingent, avgifter, gebyrer eller andre regninger fra foreningen, eller unnlater \u00e5 f\u00f8lge foreningens vedtekter, havnereglement, praktiske regler, instrukser og retningslinjer vedtatt av styret eller skriftlige p\u00e5legg fra styret, kan av styret ekskluderes og bortvises fra havnen. Ekskludering medf\u00f8rer tap av alle rettigheter, herunder ogs\u00e5 ansiennitet. Et slikt vedtak om ekskludering kan ankes til \u00e5rsm\u00f8tet for endelig avgj\u00f8relse. Hvis et medlem blir ekskludert, kan det ikke bli medlem igjen f\u00f8r skyldig kontingent eller utest\u00e5ende er gjort opp for eller betalt.<\/p>\n<p><strong>\u00a7 9<\/strong><br \/>\nPersoner som \u00f8nsker medlemskap og\/eller b\u00e5tplass m\u00e5 s\u00f8ke og gi foreningen samtykke til \u00e5 behandle medlemsopplysninger i henhold til gjeldende lovverk via foreningens medlemssystem. Organisasjoner, foreninger eller firma kan ikke p\u00e5 egen h\u00e5nd eller gjennom enkeltpersoner oppn\u00e5 medlemskap og\/eller b\u00e5tplass. Oppsigelse av medlemskap og\/eller b\u00e5tplass skal skje skriftlig\/elektronisk. Medlemsopplysninger holdes oppdatert av medlemmet i medlemssystemet.<\/p>\n<p><strong>\u00a7 10<\/strong><br \/>\nFor at havnene skal kunne utnyttes p\u00e5 den mest hensiktsmessige m\u00e5te m\u00e5 medlemmene etterkomme alle driftskomiteens anvisninger, inkludert tildeling av b\u00e5tplasser og opplagsplasser. Ingen medlemmer eier sine b\u00e5tplasser \u2013 det er foreningen som eier og disponerer alle havne- og opplagsplasser og \u00f8vrige eiendeler. Driftskomiteen har rett til \u00e5 omdisponere b\u00e5tplasser\/opplagsplasser til foreningens beste. P\u00e5krevd bytte av b\u00e5tplasser\/ opplagsplasser kan herunder foretas. I tvilstilfeller avgj\u00f8r styret saken med endelig virkning. Hvis forholdene tillater det, kan driftskomiteen gi tillatelse til at b\u00e5tens jolle fort\u00f8yes innenfor b\u00e5tplassen som disponeres.<\/p>\n<p><strong>\u00a7 11<\/strong><br \/>\nSamtlige medlemmer kan p\u00e5legges dugnadsarbeid med inntil 10 timer \u00e5rlig. Medlemmer med mer enn en b\u00e5tplass kan p\u00e5legges inntil 10 timer dugnad pr. b\u00e5tplass. De som ikke m\u00f8ter til avtalt tid, eller ikke utf\u00f8rer p\u00e5lagt dugnad, m\u00e5 betale den til enhver tid gjeldende dugnadssats til b\u00e5tforeningen. Dersom et medlem, etter 2 gangers anmodning ikke har m\u00f8tt, betales den til enhver tid gjeldende fulle dugnadssats. Driftskomiteen kan utpeke en eller flere slippf\u00f8rere som har ansvaret for slippingen og slipputstyret.<\/p>\n<p><strong>\u00a7 12<\/strong><br \/>\nForeningens medlemmer er p\u00e5lagt \u00e5 rette seg etter foreningens vedtekter og havnereglement samt praktiske regler, instrukser og retningslinjer vedtatt av styret. Nye medlemmer som blir opptatt i foreningen skal tildeles et eksemplar av vedtektene og havnereglementet, og plikter \u00e5 sette seg inn i disse og andre praktiske regler, instrukser og retningslinjer som gjelder for foreningen.<\/p>\n<p><strong>\u00a7 13<\/strong><br \/>\nVedtektene skal holdes oppdatert slik at de til enhver tid er tidsmessige. Forandringer kan bare gj\u00f8res p\u00e5 ordin\u00e6rt \u00e5rsm\u00f8te med 2\/3 flertall. Forslag til endringer m\u00e5 v\u00e6re innlevert styret minst 7 dager f\u00f8r \u00e5rsm\u00f8tet.<\/p>\n<p><strong>\u00a7 14<\/strong><br \/>\nOppl\u00f8sning av foreningen kan kun skje ved vedtak p\u00e5 ordin\u00e6rt \u00e5rsm\u00f8te etter at saken har v\u00e6rt utsendt til medlemmene med innkallingen. Vedtaket om oppl\u00f8sning m\u00e5 ha 2\/3 flertall. Reversering av oppl\u00f8snings- beslutning krever simpelt flertall.<br \/>\nVed oppl\u00f8sning skal det velges et avviklingsstyre etter vedtektenes bestemmelser om styre, med ansvar for foreningens anliggender frem til endelig avvikling finner sted, herunder ogs\u00e5 den praktiske likvidasjon av foreningen. Vedtektenes \u00f8vrige bestemmelser f\u00e5r ogs\u00e5 tilsvarende anvendelse under avviklingen.<br \/>\nForeningens eiendeler og rettigheter skal overf\u00f8res til, eller fordeles mellom en eller flere lokale foreninger med samme eller liknende allmennyttig form\u00e5l, til benyttelse ved oppn\u00e5else av slike form\u00e5l, etter \u00e5rsm\u00f8tets n\u00e6rmere bestemmelse. Foreningens eiendeler eller rettigheter kan i intet tilfelle tilfalle eller utdeles foreningens medlemmer eller andre enkeltpersoner.<\/p>\n<p>&nbsp;<\/p>\n","protected":false},"excerpt":{"rendered":"<p>Sist endret p\u00e5 \u00e5rsm\u00f8te 22. februar 2022 Sist endret er vist med uthevet skrift. \u00a7 1 Foreningens form\u00e5l er \u00e5 arbeide for utbredelse av fritidsb\u00e5tliv i Sandnes og omegn p\u00e5 vegne av medlemmene og allmennheten, derunder og 1) virke for etableringen av og forest\u00e5 driften av fritidsb\u00e5thavner; 2) virke for utbredelse av fritidsb\u00e5tlivet som rekreasjon [&hellip;]<\/p>\n","protected":false},"author":1,"featured_media":0,"parent":0,"menu_order":0,"comment_status":"closed","ping_status":"closed","template":"","meta":{"footnotes":""},"class_list":["post-222","page","type-page","status-publish","hentry"],"_links":{"self":[{"href":"https:\/\/hana-bf.no\/index.php?rest_route=\/wp\/v2\/pages\/222"}],"collection":[{"href":"https:\/\/hana-bf.no\/index.php?rest_route=\/wp\/v2\/pages"}],"about":[{"href":"https:\/\/hana-bf.no\/index.php?rest_route=\/wp\/v2\/types\/page"}],"author":[{"embeddable":true,"href":"https:\/\/hana-bf.no\/index.php?rest_route=\/wp\/v2\/users\/1"}],"replies":[{"embeddable":true,"href":"https:\/\/hana-bf.no\/index.php?rest_route=%2Fwp%2Fv2%2Fcomments&post=222"}],"version-history":[{"count":11,"href":"https:\/\/hana-bf.no\/index.php?rest_route=\/wp\/v2\/pages\/222\/revisions"}],"predecessor-version":[{"id":2110,"href":"https:\/\/hana-bf.no\/index.php?rest_route=\/wp\/v2\/pages\/222\/revisions\/2110"}],"wp:attachment":[{"href":"https:\/\/hana-bf.no\/index.php?rest_route=%2Fwp%2Fv2%2Fmedia&parent=222"}],"curies":[{"name":"wp","href":"https:\/\/api.w.org\/{rel}","templated":true}]}}