{"id":224,"date":"2015-02-07T23:27:36","date_gmt":"2015-02-07T22:27:36","guid":{"rendered":"http:\/\/hana-bf.no\/wpsite\/?page_id=224"},"modified":"2026-03-20T20:49:32","modified_gmt":"2026-03-20T19:49:32","slug":"kontigenter-og-avgifter","status":"publish","type":"page","link":"https:\/\/hana-bf.no\/?page_id=224","title":{"rendered":"Kontingenter og avgifter"},"content":{"rendered":"<table style=\"border: 2px solid #ffffff; width: 700px;\" border=\"0\" cellspacing=\"0\" cellpadding=\"2\">\n<tbody>\n<tr>\n<td style=\"border: 2px solid #ffffff; padding-right: 0.5em; width: 500px;\">Gjelder fra 1. januar 2026<\/td>\n<td style=\"border: 2px solid #ffffff; padding-right: 0.5em; width: 200px;\">\u00a0Vedtatt p\u00e5 \u00e5rsm\u00f8te 19.02.2026<\/td>\n<\/tr>\n<tr>\n<td style=\"border: solid 2px #ffffff; padding-right: .5em;\" colspan=\"2\">Alle tjenester utenom bruk av utsettingsrampe i Konraddokken krever medlemskap.<br \/>\nFakturaperiode er \u00e5rlig.<\/td>\n<\/tr>\n<tr>\n<td style=\"border: solid 2px #ffffff; padding-right: .5em;\">Medlemskontingent:<\/td>\n<td style=\"border: solid 2px #ffffff; padding-right: .5em;\">650,-<\/td>\n<\/tr>\n<tr>\n<td style=\"border: solid 2px #ffffff; padding-right: .5em;\"><\/td>\n<td style=\"border: solid 2px #ffffff; padding-right: .5em;\"><\/td>\n<\/tr>\n<tr>\n<td style=\"border: solid 2px #ffffff; padding-right: .5em;\"><strong>Havneavgifter<\/strong><\/td>\n<td style=\"border: solid 2px #ffffff; padding-right: .5em;\"><\/td>\n<\/tr>\n<tr>\n<td style=\"border: solid 2px #ffffff; padding-right: .5em;\">Driftskostnad str\u00f8m kr 240,- pr plass er inkl i havneavgift.<\/td>\n<td style=\"border: solid 2px #ffffff; padding-right: .5em;\"><\/td>\n<\/tr>\n<tr>\n<td style=\"border: solid 2px #ffffff; padding-right: .5em;\">Utriggere\u00a0\u00a0 6 m<\/td>\n<td style=\"border: solid 2px #ffffff; padding-right: .5em;\">2 390,-<\/td>\n<\/tr>\n<tr>\n<td style=\"border: solid 2px #ffffff; padding-right: .5em;\">Utriggere \u00a0\u00a07 m<\/td>\n<td style=\"border: solid 2px #ffffff; padding-right: .5em;\">2 740,-<\/td>\n<\/tr>\n<tr>\n<td style=\"border: solid 2px #ffffff; padding-right: .5em;\">Utriggere\u00a0\u00a0 8 m<\/td>\n<td style=\"border: solid 2px #ffffff; padding-right: .5em;\">3 140,-<\/td>\n<\/tr>\n<tr>\n<td style=\"border: solid 2px #ffffff; padding-right: .5em;\">Utriggere 10 m<\/td>\n<td style=\"border: solid 2px #ffffff; padding-right: .5em;\">3 990,-<\/td>\n<\/tr>\n<tr>\n<td style=\"border: solid 2px #ffffff; padding-right: .5em;\">Utriggere 12 m<\/td>\n<td style=\"border: solid 2px #ffffff; padding-right: .5em;\">4 590,-<\/td>\n<\/tr>\n<tr>\n<td style=\"border: solid 2px #ffffff; padding-right: .5em;\">Spesial\u00a0 \u00a0 \u00a0Plass 238 langs midtre brygge i Nyhavn<\/td>\n<td style=\"border: solid 2px #ffffff; padding-right: .5em;\">5 240,-<\/td>\n<\/tr>\n<tr>\n<td style=\"border: solid 2px #ffffff; padding-right: .5em;\">\u00a0 \u00a0 \u00a0 \u00a0 \u00a0 \u00a0 \u00a0 \u00a0Plass 239 langs midtre brygge i Nyhavn (for stor b\u00e5t &gt; 50fot)<\/td>\n<td style=\"border: solid 2px #ffffff; padding-right: .5em;\">6 340-<\/td>\n<\/tr>\n<tr>\n<td style=\"border: solid 2px #ffffff; padding-right: .5em;\"><\/td>\n<td style=\"border: solid 2px #ffffff; padding-right: .5em;\"><\/td>\n<\/tr>\n<tr>\n<td style=\"border: solid 2px #ffffff; padding-right: .5em;\"><strong>Engangstilskudd for b\u00e5tplass<\/strong><\/td>\n<td style=\"border: solid 2px #ffffff; padding-right: .5em;\"><\/td>\n<\/tr>\n<tr>\n<td style=\"border: solid 2px #ffffff; padding-right: .5em;\">Engangstilskudd ( Ingen tilbakebetaling )<\/td>\n<td style=\"border: solid 2px #ffffff; padding-right: .5em;\">30 000,-<\/td>\n<\/tr>\n<tr>\n<td style=\"border: solid 2px #ffffff; padding-right: .5em;\">Medlemmer som har betalt gammel sats for b\u00e5ter<br \/>\nunder 15 fot og \u00f8nsker plass for b\u00e5t over 15 fot<br \/>\nbetaler differansen<\/td>\n<td style=\"border: solid 2px #ffffff; padding-right: .5em;\">24 000,-<\/td>\n<\/tr>\n<tr>\n<td style=\"border: solid 2px #ffffff; padding-right: .5em;\"><\/td>\n<td style=\"border: solid 2px #ffffff; padding-right: .5em;\"><\/td>\n<\/tr>\n<tr>\n<td style=\"border: solid 2px #ffffff; padding-right: .5em;\"><\/td>\n<td style=\"border: solid 2px #ffffff; padding-right: .5em;\"><\/td>\n<\/tr>\n<tr>\n<td style=\"border: solid 2px #ffffff; padding-right: .5em;\"><strong>Midlertidig b\u00e5tplass \/ Opplag p\u00e5 sj\u00f8 \/ Opplag p\u00e5 land<\/strong><\/td>\n<td style=\"border: solid 2px #ffffff; padding-right: .5em;\"><\/td>\n<\/tr>\n<tr>\n<td style=\"border: solid 2px #ffffff; padding-right: .5em;\">Sommerplass for medlemmer som ikke har betalt engangsinnskudd. Tilvisning og str\u00f8m kommer i tillegg.<\/td>\n<td style=\"border: solid 2px #ffffff; padding-right: .5em;\">3 x utriggerpris<\/td>\n<\/tr>\n<tr>\n<td style=\"border: solid 2px #ffffff; padding-right: .5em;\">Vinterplass for medlemmer som ikke har betalt engangsinnskudd. Tilvisning og str\u00f8m kommer i tillegg.<\/td>\n<td style=\"border: solid 2px #ffffff; padding-right: .5em;\">3 x utriggerpris<\/td>\n<\/tr>\n<tr>\n<td style=\"border: solid 2px #ffffff; padding-right: .5em;\">Vinteropplag for medlemmer med tildelt fast b\u00e5tplass inkl tilvisning.<\/td>\n<td style=\"border: solid 2px #ffffff; padding-right: .5em;\">450,-<\/td>\n<\/tr>\n<tr>\n<td style=\"border: solid 2px #ffffff; padding-right: .5em;\"><\/td>\n<td style=\"border: solid 2px #ffffff; padding-right: .5em;\"><\/td>\n<\/tr>\n<tr>\n<td style=\"border: solid 2px #ffffff; padding-right: .5em;\">Eventuelle andre midlertidige b\u00e5tplasser<\/td>\n<td style=\"border: solid 2px #ffffff; padding-right: .5em;\">Pris fastsettes av styret<\/td>\n<\/tr>\n<tr>\n<td style=\"border: solid 2px #ffffff; padding-right: .5em;\"><\/td>\n<td style=\"border: solid 2px #ffffff; padding-right: .5em;\"><\/td>\n<\/tr>\n<tr>\n<td style=\"border: solid 2px #ffffff; padding-right: .5em;\"><strong>Slipping for medlemmer som har betalt engangsinnskudd (tur\/retur)\u00a0 \u00a0 \u00a0<\/strong><br \/>\n(Normaltid 1.4. &#8211; 1.9. = 3 dager med v\u00e6rforbehold)<\/td>\n<td style=\"border: solid 2px #ffffff; padding-right: .5em;\">1 600,-<\/td>\n<\/tr>\n<tr>\n<td style=\"border: solid 2px #ffffff; padding-right: .5em;\">Ekstra dager \u2013 pris pr. p\u00e5begynte d\u00f8gn<\/td>\n<td style=\"border: solid 2px #ffffff; padding-right: .5em;\">350,-<\/td>\n<\/tr>\n<tr>\n<td style=\"border: solid 2px #ffffff; padding-right: .5em;\">B\u00e5teier holder selv h\u00f8ytrykksspyler og s\u00f8rger for opprydding etter slippingen<\/td>\n<td style=\"border: solid 2px #ffffff; padding-right: .5em;\"><\/td>\n<\/tr>\n<tr>\n<td style=\"border: solid 2px #ffffff; padding-right: .5em;\"><\/td>\n<td style=\"border: solid 2px #ffffff; padding-right: .5em;\"><\/td>\n<\/tr>\n<tr>\n<td style=\"border: solid 2px #ffffff; padding-right: .5em;\"><strong>Parkering av bil, tilhenger osv p\u00e5 foreningens omr\u00e5de i Konraddokken eller bruk av utsettingsrampe<\/strong><\/td>\n<td style=\"border: solid 2px #ffffff; padding-right: .5em;\"><\/td>\n<\/tr>\n<tr>\n<td style=\"border: solid 2px #ffffff; padding-right: .5em;\">Medlemmer som har innbetalt engangstilskudd og har registrert kj\u00f8ret\u00f8y i foreningens l\u00f8sning for parkering<\/td>\n<td style=\"border: solid 2px #ffffff; padding-right: .5em;\">0,-*<\/td>\n<\/tr>\n<tr>\n<td style=\"border: solid 2px #ffffff; padding-right: .5em;\">Alle andre som benytter omr\u00e5det<\/td>\n<td style=\"border: solid 2px #ffffff; padding-right: .5em;\">Se takster under<\/td>\n<\/tr>\n<tr>\n<td style=\"border: solid 2px #ffffff; padding-right: .5em;\">Kortidsparkering<\/td>\n<td style=\"border: solid 2px #ffffff; padding-right: .5em;\">36,- pr time<\/td>\n<\/tr>\n<tr>\n<td style=\"border: solid 2px #ffffff; padding-right: .5em;\">Langtidsparkering<\/td>\n<td style=\"border: solid 2px #ffffff; padding-right: .5em;\">200,- pr d\u00f8gn<\/td>\n<\/tr>\n<tr>\n<td style=\"border: solid 2px #ffffff; padding-right: .5em;\">Bruk av utsettingsrampe<\/td>\n<td style=\"border: solid 2px #ffffff; padding-right: .5em;\">80,- pr gang<\/td>\n<\/tr>\n<tr>\n<td style=\"border: solid 2px #ffffff; padding-right: .5em;\">* Parkering av tilhenger som ikke er avtalt vinteropplag belastes etter takster som vist ovenfor.<\/td>\n<td style=\"border: solid 2px #ffffff; padding-right: .5em;\"><\/td>\n<\/tr>\n<tr>\n<td style=\"border: solid 2px #ffffff; padding-right: .5em;\"><strong>Diverse<\/strong><\/td>\n<td style=\"border: solid 2px #ffffff; padding-right: .5em;\"><\/td>\n<\/tr>\n<tr>\n<td style=\"border: solid 2px #ffffff; padding-right: .5em;\">Dugnad (Bel\u00f8p pr. time kr. 120,- )\u00a0 Fullverdi\u00a0 10 timer<\/td>\n<td style=\"border: solid 2px #ffffff; padding-right: .5em;\">1 200,-<\/td>\n<\/tr>\n<tr>\n<td style=\"border: solid 2px #ffffff; padding-right: .5em;\">Minimumsfakturering for alle b\u00e5tplasser med str\u00f8m tilgjengelig<\/td>\n<td style=\"border: solid 2px #ffffff; padding-right: .5em;\">300,-<\/td>\n<\/tr>\n<tr>\n<td style=\"border: solid 2px #ffffff; padding-right: .5em;\">Felles opptak og sj\u00f8setting med kran<\/td>\n<td style=\"border: solid 2px #ffffff; padding-right: .5em;\">Ca. selvkost<\/td>\n<\/tr>\n<tr>\n<td style=\"border: solid 2px #ffffff; padding-right: .5em;\">Purregebyr (ref. vedtektenes \u00a7 7)<\/td>\n<td style=\"border: solid 2px #ffffff; padding-right: .5em;\">70,-<\/td>\n<\/tr>\n<tr>\n<td style=\"border: solid 2px #ffffff; padding-right: .5em;\">Tilvisning<\/td>\n<td style=\"border: solid 2px #ffffff; padding-right: .5em;\">400,-<\/td>\n<\/tr>\n<tr>\n<td style=\"border: solid 2px #ffffff; padding-right: .5em;\"><\/td>\n<td style=\"border: solid 2px #ffffff; padding-right: .5em;\"><\/td>\n<\/tr>\n<tr>\n<td style=\"border: solid 2px #ffffff; padding-right: .5em;\"><strong>Honorar\u00a0til tillitsvalgte<\/strong><\/td>\n<td style=\"border: solid 2px #ffffff; padding-right: .5em;\"><\/td>\n<\/tr>\n<tr>\n<td style=\"border: solid 2px #ffffff; padding-right: .5em;\">Ved tilvisning\u00a0(ref. havnereglementet \u00a7 11)<\/td>\n<td style=\"border: solid 2px #ffffff; padding-right: .5em;\">400,-<\/td>\n<\/tr>\n<tr>\n<td style=\"border: solid 2px #ffffff; padding-right: .5em;\">Opptak (inkl. uttak) ved slipping eller landsetting\/ utsetting m\/kran<\/td>\n<td style=\"border: solid 2px #ffffff; padding-right: .5em;\">400,-<\/td>\n<\/tr>\n<tr>\n<td style=\"border: solid 2px #ffffff; padding-right: .5em;\"><\/td>\n<td style=\"border: solid 2px #ffffff; padding-right: .5em;\"><\/td>\n<\/tr>\n<tr>\n<td style=\"border: solid 2px #ffffff; padding-right: .5em;\">IT- ansvarlig<\/td>\n<td style=\"border: solid 2px #ffffff; padding-right: .5em;\">1 500,-<\/td>\n<\/tr>\n<tr>\n<td style=\"border: solid 2px #ffffff; padding-right: .5em;\">IT- webredakt\u00f8r<\/td>\n<td style=\"border: solid 2px #ffffff; padding-right: .5em;\">1 500,-<\/td>\n<\/tr>\n<tr>\n<td style=\"border: solid 2px #ffffff; padding-right: .5em;\">Oppsynsmenn<\/td>\n<td style=\"border: solid 2px #ffffff; padding-right: .5em;\">4\u00a0000,-<\/td>\n<\/tr>\n<tr>\n<td style=\"border: solid 2px #ffffff; padding-right: .5em;\">Formann (inkl. utgiftsgodtgj\u00f8relse med kr 1000,-)<\/td>\n<td style=\"border: solid 2px #ffffff; padding-right: .5em;\">5 000,-<\/td>\n<\/tr>\n<tr>\n<td style=\"border: solid 2px #ffffff; padding-right: .5em;\">Sekret\u00e6r (inkl. utgiftsgodtgj\u00f8relse med kr 1000,-)<\/td>\n<td style=\"border: solid 2px #ffffff; padding-right: .5em;\">5 000,-<\/td>\n<\/tr>\n<tr>\n<td style=\"border: solid 2px #ffffff; padding-right: .5em;\">Kasserer (inkl. utgiftsgodtgj\u00f8relse med kr 1000,-)<\/td>\n<td style=\"border: solid 2px #ffffff; padding-right: .5em;\">5 000,-<\/td>\n<\/tr>\n<tr>\n<td style=\"border: solid 2px #ffffff; padding-right: .5em;\">\u00d8vrige styremedlemmer og varamenn<\/td>\n<td style=\"border: solid 2px #ffffff; padding-right: .5em;\">3 000,-<\/td>\n<\/tr>\n<tr>\n<td style=\"border: solid 2px #ffffff; padding-right: .5em;\" colspan=\"2\">Styret gis fullmakt til \u00e5 gi medlemmer av styret kompensasjon for oppgaver utover de valgte vervene.<\/td>\n<\/tr>\n<\/tbody>\n<\/table>\n<p><\/p>\n","protected":false},"excerpt":{"rendered":"<p>Gjelder fra 1. januar 2026 \u00a0Vedtatt p\u00e5 \u00e5rsm\u00f8te 19.02.2026 Alle tjenester utenom bruk av utsettingsrampe i Konraddokken krever medlemskap. Fakturaperiode er \u00e5rlig. Medlemskontingent: 650,- Havneavgifter Driftskostnad str\u00f8m kr 240,- pr plass er inkl i havneavgift. Utriggere\u00a0\u00a0 6 m 2 390,- Utriggere \u00a0\u00a07 m 2 740,- Utriggere\u00a0\u00a0 8 m 3 140,- Utriggere 10 m 3 990,- [&hellip;]<\/p>\n","protected":false},"author":1,"featured_media":0,"parent":0,"menu_order":0,"comment_status":"closed","ping_status":"closed","template":"","meta":{"footnotes":""},"class_list":["post-224","page","type-page","status-publish","hentry"],"_links":{"self":[{"href":"https:\/\/hana-bf.no\/index.php?rest_route=\/wp\/v2\/pages\/224"}],"collection":[{"href":"https:\/\/hana-bf.no\/index.php?rest_route=\/wp\/v2\/pages"}],"about":[{"href":"https:\/\/hana-bf.no\/index.php?rest_route=\/wp\/v2\/types\/page"}],"author":[{"embeddable":true,"href":"https:\/\/hana-bf.no\/index.php?rest_route=\/wp\/v2\/users\/1"}],"replies":[{"embeddable":true,"href":"https:\/\/hana-bf.no\/index.php?rest_route=%2Fwp%2Fv2%2Fcomments&post=224"}],"version-history":[{"count":23,"href":"https:\/\/hana-bf.no\/index.php?rest_route=\/wp\/v2\/pages\/224\/revisions"}],"predecessor-version":[{"id":2239,"href":"https:\/\/hana-bf.no\/index.php?rest_route=\/wp\/v2\/pages\/224\/revisions\/2239"}],"wp:attachment":[{"href":"https:\/\/hana-bf.no\/index.php?rest_route=%2Fwp%2Fv2%2Fmedia&parent=224"}],"curies":[{"name":"wp","href":"https:\/\/api.w.org\/{rel}","templated":true}]}}