{"id":285,"date":"2015-02-08T01:38:16","date_gmt":"2015-02-08T00:38:16","guid":{"rendered":"http:\/\/hana-bf.no\/wpsite\/?page_id=285"},"modified":"2026-03-20T20:34:42","modified_gmt":"2026-03-20T19:34:42","slug":"kontakt","status":"publish","type":"page","link":"https:\/\/hana-bf.no\/?page_id=285","title":{"rendered":"Kontakt"},"content":{"rendered":"<table class=\"alignleft\" style=\"width: 807px; height: 794px;\" border=\"0\" width=\"679\" cellspacing=\"0\" cellpadding=\"0\">\n<tbody>\n<tr>\n<td style=\"height: 20px; width: 350px;\" colspan=\"2\"><b>Daglig drift og administrasjon<\/b><\/td>\n<\/tr>\n<tr>\n<td style=\"height: 20px; width: 350px;\" colspan=\"2\"><b><b>Administrasjonsleder<br \/>\n<\/b><\/b>Hege Forland<b><b><br \/>\n<\/b><\/b>995 011 69<br \/>\nhegeforland@hana-bf.no<\/td>\n<\/tr>\n<tr>\n<td style=\"height: 20px; width: 350px;\" colspan=\"2\"><\/td>\n<\/tr>\n<tr>\n<td style=\"height: 20px; width: 350px;\" colspan=\"2\"><b>Daglig tilsyn og slipping<\/b><\/td>\n<\/tr>\n<tr>\n<td style=\"height: 20px;\"><strong>Oppsynsmann Nyhavn<\/strong><br \/>\nKristian Thingvold<br \/>\n411 411 92<br \/>\nkristianth@hana-bf.no<\/td>\n<td><strong>Oppsynsmann Konraddokken<br \/>\n<\/strong>Tom Vassb\u00f8 Gramstad<br \/>\n922 43 830<br \/>\ntomgra@hana-bf.no<\/td>\n<\/tr>\n<tr>\n<td style=\"height: 20px;\"><strong>Slippf\u00f8rer<\/strong><\/td>\n<td><strong>Slippf\u00f8rer<\/strong><\/td>\n<\/tr>\n<tr>\n<td style=\"height: 20px;\"><\/td>\n<td>Tom Vassb\u00f8 Gramstad<\/td>\n<\/tr>\n<tr>\n<td style=\"height: 20px;\"><\/td>\n<td><\/td>\n<\/tr>\n<tr>\n<td style=\"height: 20px;\"><strong>B\u00e5tplass og ventelister<\/strong><\/td>\n<td><a href=\"mailto:baatplass@hana-bf.no\">baatplass@hana-bf.no<\/a><\/td>\n<\/tr>\n<tr>\n<td style=\"height: 20px;\"><strong>Medlemskap og andre henvendelser<\/strong><\/td>\n<td><a href=\"mailto:postmottak@hana-bf.no\">postmottak@hana-bf.no<\/a><\/td>\n<\/tr>\n<tr>\n<td style=\"height: 20px;\"><\/td>\n<td><\/td>\n<\/tr>\n<tr>\n<td style=\"height: 20px;\" colspan=\"2\"><strong>Kontaktinformasjon til medlemmer av styret<\/strong><\/td>\n<\/tr>\n<tr>\n<td style=\"height: 20px;\"><span style=\"text-decoration: underline;\"><em>Vedlikeholdskomite (drift og vedlikehold)<\/em><\/span><\/td>\n<td><\/td>\n<\/tr>\n<tr>\n<td style=\"height: 20px;\">\u00a0<span class=\"TextRun SCXW216779195 BCX0\" lang=\"NB-NO\" xml:lang=\"NB-NO\" data-contrast=\"auto\">\u00d8yvind Mork<\/span><span class=\"TextRun SCXW216779195 BCX0\" lang=\"NB-NO\" xml:lang=\"NB-NO\" data-contrast=\"auto\"><span class=\"NormalTextRun SCXW216779195 BCX0\">, (leder drift og vedlikehold,\u00a0<\/span><span class=\"NormalTextRun SCXW216779195 BCX0\">nestleder)<\/span><\/span><span class=\"EOP SCXW216779195 BCX0\" data-ccp-props=\"{&quot;201341983&quot;:0,&quot;335559739&quot;:0,&quot;335559740&quot;:240}\">\u00a0<\/span><\/td>\n<td><span class=\"TextRun SCXW237261318 BCX0\" lang=\"NB-NO\" xml:lang=\"NB-NO\" data-contrast=\"auto\">977 14 235<\/span><span class=\"EOP SCXW237261318 BCX0\" data-ccp-props=\"{&quot;201341983&quot;:0,&quot;335559739&quot;:0,&quot;335559740&quot;:240}\">\u00a0<\/span><\/td>\n<\/tr>\n<tr>\n<td style=\"height: 20px;\">\u00a0Anders Galta (varamedlem)<\/td>\n<td>992 49 530<\/td>\n<\/tr>\n<tr>\n<td style=\"height: 20px;\">\u00a0<span class=\"TextRun SCXW60096688 BCX0\" lang=\"NB-NO\" xml:lang=\"NB-NO\" data-contrast=\"auto\">\u202f<\/span><\/td>\n<td><span class=\"EOP SCXW194465201 BCX0\" data-ccp-props=\"{&quot;201341983&quot;:0,&quot;335559739&quot;:0,&quot;335559740&quot;:240}\">\u00a0<\/span><\/td>\n<\/tr>\n<tr>\n<td style=\"height: 20px;\"><span style=\"text-decoration: underline;\"><em><em>Tildelingskomite (gjennomf\u00f8rer tildeling av b\u00e5tplasser iht reglement)<\/em><\/em><\/span><\/td>\n<td><a href=\"mailto:baatplass@hana-bf.no\">baatplass@hana-bf.no<\/a><\/td>\n<\/tr>\n<tr>\n<td style=\"height: 20px;\">J\u00f8rn Overskott<\/td>\n<td><\/td>\n<\/tr>\n<tr>\n<td style=\"height: 20px;\">Hege Forland<\/td>\n<td><\/td>\n<\/tr>\n<tr>\n<td style=\"height: 20px;\"><\/td>\n<td><\/td>\n<\/tr>\n<tr>\n<td style=\"height: 20px;\">Kameraoverv\u00e5kning<\/td>\n<td><\/td>\n<\/tr>\n<tr>\n<td style=\"height: 20px;\">\u00a0Hakan Boyaci (styremedlem)<\/td>\n<td>915 81 506<\/td>\n<\/tr>\n<tr>\n<td style=\"height: 20px;\"><\/td>\n<td><\/td>\n<\/tr>\n<tr>\n<td style=\"height: 20px;\"><em>\u00a0Formann &#8211; Mads Ringen<\/em><\/td>\n<td>902 09 498<\/td>\n<\/tr>\n<tr>\n<td style=\"height: 20px;\">\u00a0Nestleder &#8211; \u00d8yvind Mork<\/td>\n<td><span class=\"TextRun SCXW237261318 BCX0\" lang=\"NB-NO\" xml:lang=\"NB-NO\" data-contrast=\"auto\">977 14 235<\/span><\/td>\n<\/tr>\n<tr>\n<td style=\"height: 20px;\">\u00a0Sekret\u00e6r &#8211; Rune Holmen<\/td>\n<td>936 35 934<\/td>\n<\/tr>\n<tr>\n<td style=\"height: 20px;\">\u00a0Kasserer &#8211; Trond Todnem<\/td>\n<td><\/td>\n<\/tr>\n<tr>\n<td style=\"height: 20px;\"><\/td>\n<td><\/td>\n<\/tr>\n<tr>\n<td style=\"height: 20px;\">Web &amp; IT &#8211; Tor Arne Oltedal<\/td>\n<td>958 88 182<\/td>\n<\/tr>\n<\/tbody>\n<\/table>\n<p><\/p>\n","protected":false},"excerpt":{"rendered":"<p>Daglig drift og administrasjon Administrasjonsleder Hege Forland 995 011 69 hegeforland@hana-bf.no Daglig tilsyn og slipping Oppsynsmann Nyhavn Kristian Thingvold 411 411 92 kristianth@hana-bf.no Oppsynsmann Konraddokken Tom Vassb\u00f8 Gramstad 922 43 830 tomgra@hana-bf.no Slippf\u00f8rer Slippf\u00f8rer Tom Vassb\u00f8 Gramstad B\u00e5tplass og ventelister baatplass@hana-bf.no Medlemskap og andre henvendelser postmottak@hana-bf.no Kontaktinformasjon til medlemmer av styret Vedlikeholdskomite (drift og vedlikehold) [&hellip;]<\/p>\n","protected":false},"author":1,"featured_media":0,"parent":0,"menu_order":0,"comment_status":"closed","ping_status":"closed","template":"","meta":{"footnotes":""},"class_list":["post-285","page","type-page","status-publish","hentry"],"_links":{"self":[{"href":"https:\/\/hana-bf.no\/index.php?rest_route=\/wp\/v2\/pages\/285"}],"collection":[{"href":"https:\/\/hana-bf.no\/index.php?rest_route=\/wp\/v2\/pages"}],"about":[{"href":"https:\/\/hana-bf.no\/index.php?rest_route=\/wp\/v2\/types\/page"}],"author":[{"embeddable":true,"href":"https:\/\/hana-bf.no\/index.php?rest_route=\/wp\/v2\/users\/1"}],"replies":[{"embeddable":true,"href":"https:\/\/hana-bf.no\/index.php?rest_route=%2Fwp%2Fv2%2Fcomments&post=285"}],"version-history":[{"count":49,"href":"https:\/\/hana-bf.no\/index.php?rest_route=\/wp\/v2\/pages\/285\/revisions"}],"predecessor-version":[{"id":2237,"href":"https:\/\/hana-bf.no\/index.php?rest_route=\/wp\/v2\/pages\/285\/revisions\/2237"}],"wp:attachment":[{"href":"https:\/\/hana-bf.no\/index.php?rest_route=%2Fwp%2Fv2%2Fmedia&parent=285"}],"curies":[{"name":"wp","href":"https:\/\/api.w.org\/{rel}","templated":true}]}}